{"id":710,"date":"2025-03-05T18:18:05","date_gmt":"2025-03-05T17:18:05","guid":{"rendered":"http:\/\/v2025.la-projets.com\/?page_id=710"},"modified":"2025-03-25T10:49:30","modified_gmt":"2025-03-25T09:49:30","slug":"formation-nvs-module-facturation","status":"publish","type":"page","link":"http:\/\/la-projets.com\/fr_fr\/formation-nvs-module-facturation\/","title":{"rendered":"Formation NVS &#8211; Module Facturation"},"content":{"rendered":"\t\t<div data-elementor-type=\"wp-page\" data-elementor-id=\"710\" class=\"elementor elementor-710\" data-elementor-post-type=\"page\">\n\t\t\t\t<div class=\"elementor-element elementor-element-2873151 e-flex e-con-boxed e-con e-parent\" data-id=\"2873151\" data-element_type=\"container\" data-settings=\"{&quot;background_background&quot;:&quot;gradient&quot;,&quot;shape_divider_bottom&quot;:&quot;waves&quot;}\">\n\t\t\t\t\t<div class=\"e-con-inner\">\n\t\t\t\t<div class=\"elementor-shape elementor-shape-bottom\" data-negative=\"false\">\n\t\t\t<svg xmlns=\"http:\/\/www.w3.org\/2000\/svg\" viewBox=\"0 0 1000 100\" preserveAspectRatio=\"none\">\n\t<path class=\"elementor-shape-fill\" d=\"M421.9,6.5c22.6-2.5,51.5,0.4,75.5,5.3c23.6,4.9,70.9,23.5,100.5,35.7c75.8,32.2,133.7,44.5,192.6,49.7\n\tc23.6,2.1,48.7,3.5,103.4-2.5c54.7-6,106.2-25.6,106.2-25.6V0H0v30.3c0,0,72,32.6,158.4,30.5c39.2-0.7,92.8-6.7,134-22.4\n\tc21.2-8.1,52.2-18.2,79.7-24.2C399.3,7.9,411.6,7.5,421.9,6.5z\"\/>\n<\/svg>\t\t<\/div>\n\t\t\t\t<div class=\"elementor-element elementor-element-c77d962 elementor-widget elementor-widget-heading\" data-id=\"c77d962\" data-element_type=\"widget\" data-widget_type=\"heading.default\">\n\t\t\t\t<div class=\"elementor-widget-container\">\n\t\t\t<h1 class=\"elementor-heading-title elementor-size-default\">Module Ventes<\/h1>\t\t<\/div>\n\t\t\t\t<\/div>\n\t\t\t\t<div class=\"elementor-element elementor-element-21c0bc1 elementor-widget elementor-widget-heading\" data-id=\"21c0bc1\" data-element_type=\"widget\" data-widget_type=\"heading.default\">\n\t\t\t\t<div class=\"elementor-widget-container\">\n\t\t\t<h3 class=\"elementor-heading-title elementor-size-default\">Finis les tableaux Excel ! Nous vous apprendrons \u00e0 calculer et comptabiliser vos factures rapidement et simplement.<\/h3>\t\t<\/div>\n\t\t\t\t<\/div>\n\t\t\t\t\t<\/div>\n\t\t\t\t<\/div>\n\t\t<div class=\"elementor-element elementor-element-eca85be e-flex e-con-boxed e-con e-parent\" data-id=\"eca85be\" data-element_type=\"container\" data-settings=\"{&quot;background_background&quot;:&quot;classic&quot;}\">\n\t\t\t\t\t<div class=\"e-con-inner\">\n\t\t<div class=\"elementor-element elementor-element-23c80c0 e-con-full e-flex e-con e-child\" data-id=\"23c80c0\" data-element_type=\"container\">\n\t\t\t\t<div class=\"elementor-element elementor-element-29c4e64 elementor-widget__width-inherit elementor-widget elementor-widget-heading\" data-id=\"29c4e64\" data-element_type=\"widget\" data-widget_type=\"heading.default\">\n\t\t\t\t<div class=\"elementor-widget-container\">\n\t\t\t<h2 class=\"elementor-heading-title elementor-size-default\">Quel est le sujet ?<\/h2>\t\t<\/div>\n\t\t\t\t<\/div>\n\t\t\t\t<div class=\"elementor-element elementor-element-e855fe9 elementor-widget__width-inherit elementor-widget elementor-widget-text-editor\" data-id=\"e855fe9\" data-element_type=\"widget\" data-widget_type=\"text-editor.default\">\n\t\t\t\t<div class=\"elementor-widget-container\">\n\t\t\t\t\t\t\t<p>Le logiciel NVS d\u00e9di\u00e9 aux Entreprises du Nettoyage Industriel couvre tous les aspects de la vie de l\u2019entreprise : Devis, Contrats, Facturation, Exploitation, RH, Paie, D\u00e9clarations Sociales. <\/p><p>Le module Ventes de NVS concerne la gestion des clients, chantiers, contrats et factures ainsi que la liaison avec la comptabilit\u00e9.<\/p>\t\t\t\t\t\t<\/div>\n\t\t\t\t<\/div>\n\t\t\t\t<div class=\"elementor-element elementor-element-5c7d16d elementor-widget__width-inherit elementor-widget elementor-widget-heading\" data-id=\"5c7d16d\" data-element_type=\"widget\" data-widget_type=\"heading.default\">\n\t\t\t\t<div class=\"elementor-widget-container\">\n\t\t\t<h2 class=\"elementor-heading-title elementor-size-default\">Objectifs et comp\u00e9tences<\/h2>\t\t<\/div>\n\t\t\t\t<\/div>\n\t\t\t\t<div class=\"elementor-element elementor-element-b317554 elementor-widget__width-inherit elementor-widget elementor-widget-heading\" data-id=\"b317554\" data-element_type=\"widget\" data-widget_type=\"heading.default\">\n\t\t\t\t<div class=\"elementor-widget-container\">\n\t\t\t<h2 class=\"elementor-heading-title elementor-size-default\">Objectifs de la formation<\/h2>\t\t<\/div>\n\t\t\t\t<\/div>\n\t\t\t\t<div class=\"elementor-element elementor-element-1fdbb45 elementor-widget__width-inherit elementor-widget elementor-widget-text-editor\" data-id=\"1fdbb45\" data-element_type=\"widget\" data-widget_type=\"text-editor.default\">\n\t\t\t\t<div class=\"elementor-widget-container\">\n\t\t\t\t\t\t\t<ul><li>Savoir cr\u00e9er et modifier ses clients, chantiers, contrats<\/li><li>R\u00e9aliser plusieurs cycles de facturation complets<\/li><li>Pouvoir traiter les op\u00e9rations annuelles ou exceptionnelles<\/li><\/ul>\t\t\t\t\t\t<\/div>\n\t\t\t\t<\/div>\n\t\t\t\t<div class=\"elementor-element elementor-element-4287181 elementor-widget__width-inherit elementor-widget elementor-widget-heading\" data-id=\"4287181\" data-element_type=\"widget\" data-widget_type=\"heading.default\">\n\t\t\t\t<div class=\"elementor-widget-container\">\n\t\t\t<h2 class=\"elementor-heading-title elementor-size-default\">Comp\u00e9tences<\/h2>\t\t<\/div>\n\t\t\t\t<\/div>\n\t\t\t\t<div class=\"elementor-element elementor-element-e6fd8cb elementor-widget__width-inherit elementor-widget elementor-widget-text-editor\" data-id=\"e6fd8cb\" data-element_type=\"widget\" data-widget_type=\"text-editor.default\">\n\t\t\t\t<div class=\"elementor-widget-container\">\n\t\t\t\t\t\t\t<p>A l\u2019issue de la formation, les participant(e)s seront capables d\u2019utiliser le logiciel NVS, module Ventes, de mani\u00e8re autonome dans le cadre de l\u2019exploitation quotidienne.<\/p>\t\t\t\t\t\t<\/div>\n\t\t\t\t<\/div>\n\t\t\t\t<div class=\"elementor-element elementor-element-b395a71 elementor-widget__width-inherit elementor-widget elementor-widget-heading\" data-id=\"b395a71\" data-element_type=\"widget\" data-widget_type=\"heading.default\">\n\t\t\t\t<div class=\"elementor-widget-container\">\n\t\t\t<h2 class=\"elementor-heading-title elementor-size-default\">Contenu de la formation<\/h2>\t\t<\/div>\n\t\t\t\t<\/div>\n\t\t\t\t<div class=\"elementor-element elementor-element-9f2fe84 elementor-widget__width-inherit elementor-widget elementor-widget-heading\" data-id=\"9f2fe84\" data-element_type=\"widget\" data-widget_type=\"heading.default\">\n\t\t\t\t<div class=\"elementor-widget-container\">\n\t\t\t<h2 class=\"elementor-heading-title elementor-size-default\">Pr\u00e9sentation logiciel NVS \u2013 Module Ventes<\/h2>\t\t<\/div>\n\t\t\t\t<\/div>\n\t\t\t\t<div class=\"elementor-element elementor-element-b0b23ce elementor-widget__width-inherit elementor-widget elementor-widget-text-editor\" data-id=\"b0b23ce\" data-element_type=\"widget\" data-widget_type=\"text-editor.default\">\n\t\t\t\t<div class=\"elementor-widget-container\">\n\t\t\t\t\t\t\t<ul><li>Architecture et logique de VNS<\/li><li>L\u2019organisation des clients et contacts<\/li><li>Les chantiers et les contrats<\/li><\/ul>\t\t\t\t\t\t<\/div>\n\t\t\t\t<\/div>\n\t\t\t\t<div class=\"elementor-element elementor-element-3d15405 elementor-widget__width-inherit elementor-widget elementor-widget-heading\" data-id=\"3d15405\" data-element_type=\"widget\" data-widget_type=\"heading.default\">\n\t\t\t\t<div class=\"elementor-widget-container\">\n\t\t\t<h2 class=\"elementor-heading-title elementor-size-default\">Cycle de facturation<\/h2>\t\t<\/div>\n\t\t\t\t<\/div>\n\t\t\t\t<div class=\"elementor-element elementor-element-e22aa47 elementor-widget__width-inherit elementor-widget elementor-widget-text-editor\" data-id=\"e22aa47\" data-element_type=\"widget\" data-widget_type=\"text-editor.default\">\n\t\t\t\t<div class=\"elementor-widget-container\">\n\t\t\t\t\t\t\t<ul><li>Mise en place<\/li><li>R\u00e9alisation et suivi<\/li><li>Exportation des donn\u00e9es et liaison avec la comptabilit\u00e9<\/li><\/ul>\t\t\t\t\t\t<\/div>\n\t\t\t\t<\/div>\n\t\t\t\t<div class=\"elementor-element elementor-element-d6539ea elementor-widget__width-inherit elementor-widget elementor-widget-heading\" data-id=\"d6539ea\" data-element_type=\"widget\" data-widget_type=\"heading.default\">\n\t\t\t\t<div class=\"elementor-widget-container\">\n\t\t\t<h2 class=\"elementor-heading-title elementor-size-default\">Op\u00e9rations exceptionnelles<\/h2>\t\t<\/div>\n\t\t\t\t<\/div>\n\t\t\t\t<div class=\"elementor-element elementor-element-4618374 elementor-widget__width-inherit elementor-widget elementor-widget-text-editor\" data-id=\"4618374\" data-element_type=\"widget\" data-widget_type=\"text-editor.default\">\n\t\t\t\t<div class=\"elementor-widget-container\">\n\t\t\t\t\t\t\t<ul><li>Avoirs, factures et \u00e9tats de synth\u00e8se<\/li><\/ul>\t\t\t\t\t\t<\/div>\n\t\t\t\t<\/div>\n\t\t\t\t<div class=\"elementor-element elementor-element-2db0240 elementor-widget__width-inherit elementor-widget elementor-widget-heading\" data-id=\"2db0240\" data-element_type=\"widget\" data-widget_type=\"heading.default\">\n\t\t\t\t<div class=\"elementor-widget-container\">\n\t\t\t<h2 class=\"elementor-heading-title elementor-size-default\">\u00c0 qui s'adresse cette formation ?<\/h2>\t\t<\/div>\n\t\t\t\t<\/div>\n\t\t\t\t<div class=\"elementor-element elementor-element-67a4a58 elementor-widget__width-inherit elementor-widget elementor-widget-text-editor\" data-id=\"67a4a58\" data-element_type=\"widget\" data-widget_type=\"text-editor.default\">\n\t\t\t\t<div class=\"elementor-widget-container\">\n\t\t\t\t\t\t\t<p>A tout gestionnaire, exploitant, comptable ou ADV utilisateur ou futur utilisateur de NVS.<\/p>\t\t\t\t\t\t<\/div>\n\t\t\t\t<\/div>\n\t\t\t\t<div class=\"elementor-element elementor-element-cccf2d2 elementor-widget__width-inherit elementor-widget elementor-widget-heading\" data-id=\"cccf2d2\" data-element_type=\"widget\" data-widget_type=\"heading.default\">\n\t\t\t\t<div class=\"elementor-widget-container\">\n\t\t\t<h2 class=\"elementor-heading-title elementor-size-default\">Pr\u00e9requis<\/h2>\t\t<\/div>\n\t\t\t\t<\/div>\n\t\t\t\t<div class=\"elementor-element elementor-element-110f168 elementor-widget__width-inherit elementor-widget elementor-widget-text-editor\" data-id=\"110f168\" data-element_type=\"widget\" data-widget_type=\"text-editor.default\">\n\t\t\t\t<div class=\"elementor-widget-container\">\n\t\t\t\t\t\t\t<p>Connaissances en gestion de clients \/ chantiers \/ contrats \/ factures dans le domaine du nettoyage industriel.<\/p>\t\t\t\t\t\t<\/div>\n\t\t\t\t<\/div>\n\t\t\t\t<div class=\"elementor-element elementor-element-6ef388f elementor-widget__width-inherit elementor-widget elementor-widget-heading\" data-id=\"6ef388f\" data-element_type=\"widget\" data-widget_type=\"heading.default\">\n\t\t\t\t<div class=\"elementor-widget-container\">\n\t\t\t<h2 class=\"elementor-heading-title elementor-size-default\">Lieu<\/h2>\t\t<\/div>\n\t\t\t\t<\/div>\n\t\t\t\t<div class=\"elementor-element elementor-element-650b8b7 elementor-widget__width-inherit elementor-widget elementor-widget-text-editor\" data-id=\"650b8b7\" data-element_type=\"widget\" data-widget_type=\"text-editor.default\">\n\t\t\t\t<div class=\"elementor-widget-container\">\n\t\t\t\t\t\t\t<p>Intervention sur <b>toute la France<\/b> pour le parcours intra-entreprise.<\/p>\t\t\t\t\t\t<\/div>\n\t\t\t\t<\/div>\n\t\t\t\t<div class=\"elementor-element elementor-element-5df5bc4 elementor-widget__width-inherit elementor-widget elementor-widget-heading\" data-id=\"5df5bc4\" data-element_type=\"widget\" data-widget_type=\"heading.default\">\n\t\t\t\t<div class=\"elementor-widget-container\">\n\t\t\t<h2 class=\"elementor-heading-title elementor-size-default\">Langue<\/h2>\t\t<\/div>\n\t\t\t\t<\/div>\n\t\t\t\t<div class=\"elementor-element elementor-element-5b08e9a elementor-widget__width-inherit elementor-widget elementor-widget-text-editor\" data-id=\"5b08e9a\" data-element_type=\"widget\" data-widget_type=\"text-editor.default\">\n\t\t\t\t<div class=\"elementor-widget-container\">\n\t\t\t\t\t\t\t<p>Fran\u00e7ais.<\/p>\t\t\t\t\t\t<\/div>\n\t\t\t\t<\/div>\n\t\t\t\t<div class=\"elementor-element elementor-element-9c9f3ab elementor-widget__width-inherit elementor-widget elementor-widget-heading\" data-id=\"9c9f3ab\" data-element_type=\"widget\" data-widget_type=\"heading.default\">\n\t\t\t\t<div class=\"elementor-widget-container\">\n\t\t\t<h2 class=\"elementor-heading-title elementor-size-default\">Dur\u00e9e de la formation<\/h2>\t\t<\/div>\n\t\t\t\t<\/div>\n\t\t\t\t<div class=\"elementor-element elementor-element-8f21d67 elementor-widget__width-inherit elementor-widget elementor-widget-text-editor\" data-id=\"8f21d67\" data-element_type=\"widget\" data-widget_type=\"text-editor.default\">\n\t\t\t\t<div class=\"elementor-widget-container\">\n\t\t\t\t\t\t\t<ul><li>7 heures de formation<\/li><li>1 heure de retour d\u2019exp\u00e9riences<\/li><\/ul>\t\t\t\t\t\t<\/div>\n\t\t\t\t<\/div>\n\t\t\t\t<div class=\"elementor-element elementor-element-9cf85ec elementor-widget__width-inherit elementor-widget elementor-widget-heading\" data-id=\"9cf85ec\" data-element_type=\"widget\" data-widget_type=\"heading.default\">\n\t\t\t\t<div class=\"elementor-widget-container\">\n\t\t\t<h2 class=\"elementor-heading-title elementor-size-default\">M\u00e9thodes mobilis\u00e9es pour d\u00e9velopper les comp\u00e9tences<\/h2>\t\t<\/div>\n\t\t\t\t<\/div>\n\t\t\t\t<div class=\"elementor-element elementor-element-1e4cd63 elementor-widget__width-inherit elementor-widget elementor-widget-text-editor\" data-id=\"1e4cd63\" data-element_type=\"widget\" data-widget_type=\"text-editor.default\">\n\t\t\t\t<div class=\"elementor-widget-container\">\n\t\t\t\t\t\t\t<p><b>Vous d\u00e9velopperez vos comp\u00e9tences en 3 \u00e9tapes cl\u00e9s <\/b>pour vous permettre d\u2019apprendre progressivement en situation r\u00e9elle de travail (formation et retour d\u2019exp\u00e9rience).<\/p><p>La formation est une alternance de th\u00e9orie, pratique et mise en situation.<\/p>\t\t\t\t\t\t<\/div>\n\t\t\t\t<\/div>\n\t\t\t\t<div class=\"elementor-element elementor-element-e38e24e elementor-widget__width-inherit elementor-widget elementor-widget-heading\" data-id=\"e38e24e\" data-element_type=\"widget\" data-widget_type=\"heading.default\">\n\t\t\t\t<div class=\"elementor-widget-container\">\n\t\t\t<h2 class=\"elementor-heading-title elementor-size-default\">D\u00e9lai d'acc\u00e8s<\/h2>\t\t<\/div>\n\t\t\t\t<\/div>\n\t\t\t\t<div class=\"elementor-element elementor-element-49420ed elementor-widget__width-inherit elementor-widget elementor-widget-text-editor\" data-id=\"49420ed\" data-element_type=\"widget\" data-widget_type=\"text-editor.default\">\n\t\t\t\t<div class=\"elementor-widget-container\">\n\t\t\t\t\t\t\t<p>Pour les formations intra-entreprises, la dur\u00e9e entre la demande et le d\u00e9marrage de la prestation est estim\u00e9e \u00e0 10 jours ouvr\u00e9s.<\/p>\t\t\t\t\t\t<\/div>\n\t\t\t\t<\/div>\n\t\t\t\t<div class=\"elementor-element elementor-element-3804e1b elementor-widget__width-inherit elementor-widget elementor-widget-heading\" data-id=\"3804e1b\" data-element_type=\"widget\" data-widget_type=\"heading.default\">\n\t\t\t\t<div class=\"elementor-widget-container\">\n\t\t\t<h2 class=\"elementor-heading-title elementor-size-default\">Tarifs<\/h2>\t\t<\/div>\n\t\t\t\t<\/div>\n\t\t\t\t<div class=\"elementor-element elementor-element-0952411 elementor-widget__width-inherit elementor-widget elementor-widget-text-editor\" data-id=\"0952411\" data-element_type=\"widget\" data-widget_type=\"text-editor.default\">\n\t\t\t\t<div class=\"elementor-widget-container\">\n\t\t\t\t\t\t\t<p><b>780 \u20acHT par personne<\/b>.<\/p><p>Nous contacter pour les sessions intra-entreprises sur mesure.<\/p>\t\t\t\t\t\t<\/div>\n\t\t\t\t<\/div>\n\t\t\t\t<div class=\"elementor-element elementor-element-b69e882 elementor-widget__width-inherit elementor-widget elementor-widget-heading\" data-id=\"b69e882\" data-element_type=\"widget\" data-widget_type=\"heading.default\">\n\t\t\t\t<div class=\"elementor-widget-container\">\n\t\t\t<h2 class=\"elementor-heading-title elementor-size-default\">Fonctionnement des formations L&amp;A<\/h2>\t\t<\/div>\n\t\t\t\t<\/div>\n\t\t\t\t<div class=\"elementor-element elementor-element-c6cea15 elementor-widget__width-inherit elementor-widget elementor-widget-text-editor\" data-id=\"c6cea15\" data-element_type=\"widget\" data-widget_type=\"text-editor.default\">\n\t\t\t\t<div class=\"elementor-widget-container\">\n\t\t\t\t\t\t\t<p>Pour en savoir plus sur la fa\u00e7on dont nous organisons les formations, <a href=\"\/wp-content\/uploads\/2025\/03\/LetA-Handicap.pdf\" target=\"_blank\" rel=\"noopener\">appr\u00e9hendons le handicap<\/a>, \u00e9valuons les comp\u00e9tences et traitons vos donn\u00e9es sensibles, cliquez sur le bouton ci-dessous.<\/p>\t\t\t\t\t\t<\/div>\n\t\t\t\t<\/div>\n\t\t\t\t<div class=\"elementor-element elementor-element-bfd90dd elementor-mobile-align-center elementor-widget elementor-widget-button\" data-id=\"bfd90dd\" data-element_type=\"widget\" data-widget_type=\"button.default\">\n\t\t\t\t<div class=\"elementor-widget-container\">\n\t\t\t\t\t\t\t<div class=\"elementor-button-wrapper\">\n\t\t\t\t\t<a class=\"elementor-button elementor-button-link elementor-size-md\" href=\"\/wp-content\/uploads\/2025\/03\/LA-Livret-d-accueil-et-reglement-interieur.pdf\" target=\"_blank\">\n\t\t\t\t\t\t<span class=\"elementor-button-content-wrapper\">\n\t\t\t\t\t\t<span class=\"elementor-button-icon\">\n\t\t\t\t<svg aria-hidden=\"true\" class=\"e-font-icon-svg e-fas-arrow-right\" viewBox=\"0 0 448 512\" xmlns=\"http:\/\/www.w3.org\/2000\/svg\"><path d=\"M190.5 66.9l22.2-22.2c9.4-9.4 24.6-9.4 33.9 0L441 239c9.4 9.4 9.4 24.6 0 33.9L246.6 467.3c-9.4 9.4-24.6 9.4-33.9 0l-22.2-22.2c-9.5-9.5-9.3-25 .4-34.3L311.4 296H24c-13.3 0-24-10.7-24-24v-32c0-13.3 10.7-24 24-24h287.4L190.9 101.2c-9.8-9.3-10-24.8-.4-34.3z\"><\/path><\/svg>\t\t\t<\/span>\n\t\t\t\t\t\t\t\t\t<span class=\"elementor-button-text\">Infos pratiques<\/span>\n\t\t\t\t\t<\/span>\n\t\t\t\t\t<\/a>\n\t\t\t\t<\/div>\n\t\t\t\t\t\t<\/div>\n\t\t\t\t<\/div>\n\t\t\t\t<\/div>\n\t\t\t\t\t<\/div>\n\t\t\t\t<\/div>\n\t\t\t\t<\/div>\n\t\t","protected":false},"excerpt":{"rendered":"<p>Module Ventes Finis les tableaux Excel ! Nous vous apprendrons \u00e0 calculer et comptabiliser vos factures rapidement et simplement. Quel est le sujet ? Le logiciel NVS d\u00e9di\u00e9 aux Entreprises du Nettoyage Industriel couvre tous les aspects de la vie de l\u2019entreprise : Devis, Contrats, Facturation, Exploitation, RH, Paie, D\u00e9clarations Sociales. Le module Ventes de [&hellip;]<\/p>\n","protected":false},"author":1,"featured_media":0,"parent":0,"menu_order":0,"comment_status":"closed","ping_status":"closed","template":"elementor_header_footer","meta":{"footnotes":""},"class_list":["post-710","page","type-page","status-publish","hentry"],"_links":{"self":[{"href":"http:\/\/la-projets.com\/fr_fr\/wp-json\/wp\/v2\/pages\/710","targetHints":{"allow":["GET"]}}],"collection":[{"href":"http:\/\/la-projets.com\/fr_fr\/wp-json\/wp\/v2\/pages"}],"about":[{"href":"http:\/\/la-projets.com\/fr_fr\/wp-json\/wp\/v2\/types\/page"}],"author":[{"embeddable":true,"href":"http:\/\/la-projets.com\/fr_fr\/wp-json\/wp\/v2\/users\/1"}],"replies":[{"embeddable":true,"href":"http:\/\/la-projets.com\/fr_fr\/wp-json\/wp\/v2\/comments?post=710"}],"version-history":[{"count":55,"href":"http:\/\/la-projets.com\/fr_fr\/wp-json\/wp\/v2\/pages\/710\/revisions"}],"predecessor-version":[{"id":985,"href":"http:\/\/la-projets.com\/fr_fr\/wp-json\/wp\/v2\/pages\/710\/revisions\/985"}],"wp:attachment":[{"href":"http:\/\/la-projets.com\/fr_fr\/wp-json\/wp\/v2\/media?parent=710"}],"curies":[{"name":"wp","href":"https:\/\/api.w.org\/{rel}","templated":true}]}}