{"id":656,"date":"2025-03-05T16:09:19","date_gmt":"2025-03-05T15:09:19","guid":{"rendered":"http:\/\/v2025.la-projets.com\/?page_id=656"},"modified":"2025-03-14T13:02:02","modified_gmt":"2025-03-14T12:02:02","slug":"nvs","status":"publish","type":"page","link":"https:\/\/la-projets.com\/fr_fr\/nvs\/","title":{"rendered":"NVS"},"content":{"rendered":"\t\t<div data-elementor-type=\"wp-page\" data-elementor-id=\"656\" class=\"elementor elementor-656\" data-elementor-post-type=\"page\">\n\t\t\t\t<div class=\"elementor-element elementor-element-3e4e299 e-flex e-con-boxed e-con e-parent\" data-id=\"3e4e299\" data-element_type=\"container\" data-settings=\"{&quot;background_background&quot;:&quot;gradient&quot;,&quot;shape_divider_bottom&quot;:&quot;waves&quot;}\">\n\t\t\t\t\t<div class=\"e-con-inner\">\n\t\t\t\t<div class=\"elementor-shape elementor-shape-bottom\" data-negative=\"false\">\n\t\t\t<svg xmlns=\"http:\/\/www.w3.org\/2000\/svg\" viewBox=\"0 0 1000 100\" preserveAspectRatio=\"none\">\n\t<path class=\"elementor-shape-fill\" d=\"M421.9,6.5c22.6-2.5,51.5,0.4,75.5,5.3c23.6,4.9,70.9,23.5,100.5,35.7c75.8,32.2,133.7,44.5,192.6,49.7\n\tc23.6,2.1,48.7,3.5,103.4-2.5c54.7-6,106.2-25.6,106.2-25.6V0H0v30.3c0,0,72,32.6,158.4,30.5c39.2-0.7,92.8-6.7,134-22.4\n\tc21.2-8.1,52.2-18.2,79.7-24.2C399.3,7.9,411.6,7.5,421.9,6.5z\"\/>\n<\/svg>\t\t<\/div>\n\t\t\t\t<div class=\"elementor-element elementor-element-707f59b elementor-widget elementor-widget-image\" data-id=\"707f59b\" data-element_type=\"widget\" data-widget_type=\"image.default\">\n\t\t\t\t<div class=\"elementor-widget-container\">\n\t\t\t\t\t\t\t\t\t\t\t\t\t<img fetchpriority=\"high\" decoding=\"async\" width=\"248\" height=\"300\" src=\"https:\/\/la-projets.com\/wp-content\/uploads\/2025\/03\/logo_bg_light_without_bg@2x-248x300.png\" class=\"attachment-medium size-medium wp-image-659\" alt=\"\" srcset=\"https:\/\/la-projets.com\/wp-content\/uploads\/2025\/03\/logo_bg_light_without_bg@2x-248x300.png 248w, https:\/\/la-projets.com\/wp-content\/uploads\/2025\/03\/logo_bg_light_without_bg@2x-846x1024.png 846w, https:\/\/la-projets.com\/wp-content\/uploads\/2025\/03\/logo_bg_light_without_bg@2x-768x930.png 768w, https:\/\/la-projets.com\/wp-content\/uploads\/2025\/03\/logo_bg_light_without_bg@2x-10x12.png 10w, https:\/\/la-projets.com\/wp-content\/uploads\/2025\/03\/logo_bg_light_without_bg@2x.png 917w\" sizes=\"(max-width: 248px) 100vw, 248px\" \/>\t\t\t\t\t\t\t\t\t\t\t\t\t<\/div>\n\t\t\t\t<\/div>\n\t\t\t\t\t<\/div>\n\t\t\t\t<\/div>\n\t\t<div class=\"elementor-element elementor-element-3a7be9d e-con-full e-flex e-con e-parent\" data-id=\"3a7be9d\" data-element_type=\"container\">\n\t\t<div class=\"elementor-element elementor-element-a73bb58 e-con-full e-flex e-con e-child\" data-id=\"a73bb58\" data-element_type=\"container\">\n\t\t\t\t<div class=\"elementor-element elementor-element-e1dea86 elementor-widget elementor-widget-heading\" data-id=\"e1dea86\" data-element_type=\"widget\" data-widget_type=\"heading.default\">\n\t\t\t\t<div class=\"elementor-widget-container\">\n\t\t\t<h2 class=\"elementor-heading-title elementor-size-default\">Vous \u00eates une soci\u00e9t\u00e9 de\u00a0nettoyage industriel\u00a0de +1.000 salari\u00e9s ?<\/h2>\t\t<\/div>\n\t\t\t\t<\/div>\n\t\t\t\t<div class=\"elementor-element elementor-element-03b0a8e elementor-widget elementor-widget-text-editor\" data-id=\"03b0a8e\" data-element_type=\"widget\" data-widget_type=\"text-editor.default\">\n\t\t\t\t<div class=\"elementor-widget-container\">\n\t\t\t\t\t\t\t<p>Et vous n&rsquo;\u00eates pas heureuse avec votre prestataire Paie, Facturation, DSN, Informatique actuel ?<\/p>\t\t\t\t\t\t<\/div>\n\t\t\t\t<\/div>\n\t\t\t\t<\/div>\n\t\t\t\t<\/div>\n\t\t<div class=\"elementor-element elementor-element-533d50d e-flex e-con-boxed e-con e-parent\" data-id=\"533d50d\" data-element_type=\"container\" data-settings=\"{&quot;background_background&quot;:&quot;classic&quot;}\">\n\t\t\t\t\t<div class=\"e-con-inner\">\n\t\t<div class=\"elementor-element elementor-element-52ac542 e-con-full e-flex e-con e-child\" data-id=\"52ac542\" data-element_type=\"container\">\n\t\t\t\t<div class=\"elementor-element elementor-element-1fca1e4 elementor-widget elementor-widget-heading\" data-id=\"1fca1e4\" data-element_type=\"widget\" data-widget_type=\"heading.default\">\n\t\t\t\t<div class=\"elementor-widget-container\">\n\t\t\t<h2 class=\"elementor-heading-title elementor-size-default\">Alors changez d'humeur<\/h2>\t\t<\/div>\n\t\t\t\t<\/div>\n\t\t\t\t<\/div>\n\t\t<div class=\"elementor-element elementor-element-6e4c93b e-con-full e-flex e-con e-child\" data-id=\"6e4c93b\" data-element_type=\"container\" data-settings=\"{&quot;motion_fx_motion_fx_scrolling&quot;:&quot;yes&quot;,&quot;motion_fx_translateY_effect&quot;:&quot;yes&quot;,&quot;motion_fx_translateY_speed&quot;:{&quot;unit&quot;:&quot;px&quot;,&quot;size&quot;:1,&quot;sizes&quot;:[]},&quot;motion_fx_translateY_affectedRange&quot;:{&quot;unit&quot;:&quot;%&quot;,&quot;size&quot;:&quot;&quot;,&quot;sizes&quot;:{&quot;start&quot;:0,&quot;end&quot;:50}},&quot;motion_fx_opacity_effect&quot;:&quot;yes&quot;,&quot;motion_fx_opacity_range&quot;:{&quot;unit&quot;:&quot;%&quot;,&quot;size&quot;:&quot;&quot;,&quot;sizes&quot;:{&quot;start&quot;:0,&quot;end&quot;:50}},&quot;motion_fx_opacity_direction&quot;:&quot;out-in&quot;,&quot;motion_fx_opacity_level&quot;:{&quot;unit&quot;:&quot;px&quot;,&quot;size&quot;:10,&quot;sizes&quot;:[]},&quot;motion_fx_devices&quot;:[&quot;desktop&quot;,&quot;tablet&quot;,&quot;mobile&quot;]}\">\n\t\t<div class=\"elementor-element elementor-element-9cf921c e-con-full e-flex e-con e-child\" data-id=\"9cf921c\" data-element_type=\"container\" data-settings=\"{&quot;background_background&quot;:&quot;classic&quot;}\">\n\t\t\t\t<div class=\"elementor-element elementor-element-075e9da elementor-view-default elementor-position-top elementor-mobile-position-top elementor-widget elementor-widget-icon-box\" data-id=\"075e9da\" data-element_type=\"widget\" data-widget_type=\"icon-box.default\">\n\t\t\t\t<div class=\"elementor-widget-container\">\n\t\t\t\t\t<div class=\"elementor-icon-box-wrapper\">\n\n\t\t\t\t\t\t<div class=\"elementor-icon-box-icon\">\n\t\t\t\t<span  class=\"elementor-icon elementor-animation-\">\n\t\t\t\t<svg xmlns=\"http:\/\/www.w3.org\/2000\/svg\" id=\"Calque_1\" viewBox=\"0 0 24 24\"><defs><style>      .st0 {        fill: none;        stroke: #4d8ecc;        stroke-linecap: round;        stroke-linejoin: round;        stroke-width: 1.5px;      }    <\/style><\/defs><path class=\"st0\" d=\"M20,21H4c-1.1,0-2-.9-2-2V5c0-1.1.9-2,2-2h16c1.1,0,2,.9,2,2v14c0,1.1-.9,2-2,2Z\"><\/path><path class=\"st0\" d=\"M2,8h20\"><\/path><path class=\"st0\" d=\"M4.8,5.5s0,0,0,0,0,0,0,0,0,0,0,0,0,0,0,0\"><\/path><path class=\"st0\" d=\"M7.3,5.5s0,0,0,0,0,0,0,0c0,0,0,0,0,0s0,0,0,0\"><\/path><path class=\"st0\" d=\"M9.9,5.5s0,0,0,0,0,0,0,0,0,0,0,0,0,0,0,0\"><\/path><path class=\"st0\" d=\"M11,12c1.4,1.4,1.4,3.6,0,4.9-1.4,1.4-3.6,1.4-4.9,0-1.4-1.4-1.4-3.6,0-4.9,1.4-1.4,3.6-1.4,4.9,0\"><\/path><path class=\"st0\" d=\"M11,17l-2.5-2.5v-3.5\"><\/path><path class=\"st0\" d=\"M15,12h3\"><\/path><path class=\"st0\" d=\"M15,15h2\"><\/path><\/svg>\t\t\t\t<\/span>\n\t\t\t<\/div>\n\t\t\t\n\t\t\t\t\t\t<div class=\"elementor-icon-box-content\">\n\n\t\t\t\t\t\t\t\t\t<h3 class=\"elementor-icon-box-title\">\n\t\t\t\t\t\t<span  >\n\t\t\t\t\t\t\tPour vous, nous g\u00e9rons\t\t\t\t\t\t<\/span>\n\t\t\t\t\t<\/h3>\n\t\t\t\t\n\t\t\t\t\t\t\t\t\t<p class=\"elementor-icon-box-description\">\n\t\t\t\t\t\tToute la cha\u00eene compl\u00e8te SI-RH, Devis-Facturation, Terrain (Qualit\u00e9, Pointages, Mat\u00e9riel, Formation), relation Client (Portail Client).\t\t\t\t\t<\/p>\n\t\t\t\t\n\t\t\t<\/div>\n\t\t\t\n\t\t<\/div>\n\t\t\t\t<\/div>\n\t\t\t\t<\/div>\n\t\t\t\t<\/div>\n\t\t<div class=\"elementor-element elementor-element-8140eed e-con-full e-flex e-con e-child\" data-id=\"8140eed\" data-element_type=\"container\" data-settings=\"{&quot;background_background&quot;:&quot;classic&quot;}\">\n\t\t\t\t<div class=\"elementor-element elementor-element-4e65861 elementor-view-default elementor-position-top elementor-mobile-position-top elementor-widget elementor-widget-icon-box\" data-id=\"4e65861\" data-element_type=\"widget\" data-widget_type=\"icon-box.default\">\n\t\t\t\t<div class=\"elementor-widget-container\">\n\t\t\t\t\t<div class=\"elementor-icon-box-wrapper\">\n\n\t\t\t\t\t\t<div class=\"elementor-icon-box-icon\">\n\t\t\t\t<span  class=\"elementor-icon elementor-animation-\">\n\t\t\t\t<svg xmlns=\"http:\/\/www.w3.org\/2000\/svg\" id=\"Calque_1\" viewBox=\"0 0 24 24\"><defs><style>      .st0 {        fill: none;        stroke: #4d8ecc;        stroke-linecap: round;        stroke-linejoin: round;        stroke-width: 1.5px;      }    <\/style><\/defs><path class=\"st0\" d=\"M7.5,5.4v-1.9c0-.8.7-1.5,1.5-1.5h0c.8,0,1.5.7,1.5,1.5v1.9\"><\/path><path class=\"st0\" d=\"M9.9,10.9l3.1,10.1h2v-5l-3-8.8c-.4-1.3-1.6-2.2-3-2.2h0c-1.4,0-2.6.9-3,2.2l-3,8.8v5h2l3.1-10.1\"><\/path><path class=\"st0\" d=\"M15,7v-3c0-.6.4-1,1-1h4c.6,0,1,.4,1,1v16c0,.6-.4,1-1,1h-2\"><\/path><path class=\"st0\" d=\"M21,5.9h-2\"><\/path><path class=\"st0\" d=\"M21,9.9h-2\"><\/path><path class=\"st0\" d=\"M21,13.9h-2\"><\/path><path class=\"st0\" d=\"M21,17.9h-2\"><\/path><circle class=\"st0\" cx=\"9\" cy=\"8\" r=\"3\"><\/circle><path class=\"st0\" d=\"M9.1,8s0,0,0,0c0,0,0,0,0,0s0,0,0,0c0,0,0,0,0,0,0,0,0,0,0,0\"><\/path><\/svg>\t\t\t\t<\/span>\n\t\t\t<\/div>\n\t\t\t\n\t\t\t\t\t\t<div class=\"elementor-icon-box-content\">\n\n\t\t\t\t\t\t\t\t\t<h3 class=\"elementor-icon-box-title\">\n\t\t\t\t\t\t<span  >\n\t\t\t\t\t\t\tAvec vous, nous anticipons\t\t\t\t\t\t<\/span>\n\t\t\t\t\t<\/h3>\n\t\t\t\t\n\t\t\t\t\t\t\t\t\t<p class=\"elementor-icon-box-description\">\n\t\t\t\t\t\tLes futurs changements : DSN, DPAE automatique.\t\t\t\t\t<\/p>\n\t\t\t\t\n\t\t\t<\/div>\n\t\t\t\n\t\t<\/div>\n\t\t\t\t<\/div>\n\t\t\t\t<\/div>\n\t\t\t\t<\/div>\n\t\t<div class=\"elementor-element elementor-element-e051521 e-con-full e-flex e-con e-child\" data-id=\"e051521\" data-element_type=\"container\" data-settings=\"{&quot;background_background&quot;:&quot;classic&quot;}\">\n\t\t\t\t<div class=\"elementor-element elementor-element-bf96ffb elementor-view-default elementor-position-top elementor-mobile-position-top elementor-widget elementor-widget-icon-box\" data-id=\"bf96ffb\" data-element_type=\"widget\" data-widget_type=\"icon-box.default\">\n\t\t\t\t<div class=\"elementor-widget-container\">\n\t\t\t\t\t<div class=\"elementor-icon-box-wrapper\">\n\n\t\t\t\t\t\t<div class=\"elementor-icon-box-icon\">\n\t\t\t\t<span  class=\"elementor-icon elementor-animation-\">\n\t\t\t\t<svg xmlns=\"http:\/\/www.w3.org\/2000\/svg\" id=\"Calque_1\" viewBox=\"0 0 24 24\"><defs><style>      .st0 {        fill: none;        stroke: #4d8ecc;        stroke-linecap: round;        stroke-linejoin: round;        stroke-width: 1.5px;      }    <\/style><\/defs><path class=\"st0\" d=\"M3,9v-3c0-1.1.9-2,2-2h14c1.1,0,2,.9,2,2v12c0,1.1-.9,2-2,2h-6\"><\/path><path class=\"st0\" d=\"M9,20l-.3-.6c-.1-.3-.3-.6-.6-.8h0c-.4-.4-1-.6-1.6-.6h-2.2c-.6,0-1.1.2-1.6.6h0c-.3.2-.4.5-.6.8l-.3.6\"><\/path><path class=\"st0\" d=\"M6.7,12.5c.7.7.7,1.8,0,2.5-.7.7-1.8.7-2.5,0-.7-.7-.7-1.8,0-2.5.7-.7,1.8-.7,2.5,0\"><\/path><path class=\"st0\" d=\"M11,15v-6\"><\/path><path class=\"st0\" d=\"M14,15v-3.3\"><\/path><path class=\"st0\" d=\"M17,15v-5.4\"><\/path><\/svg>\t\t\t\t<\/span>\n\t\t\t<\/div>\n\t\t\t\n\t\t\t\t\t\t<div class=\"elementor-icon-box-content\">\n\n\t\t\t\t\t\t\t\t\t<h3 class=\"elementor-icon-box-title\">\n\t\t\t\t\t\t<span  >\n\t\t\t\t\t\t\tAvec vous, nous \u00e9voluons\t\t\t\t\t\t<\/span>\n\t\t\t\t\t<\/h3>\n\t\t\t\t\n\t\t\t\t\t\t\t\t\t<p class=\"elementor-icon-box-description\">\n\t\t\t\t\t\tReconnaissance automatique des CNI, Permis de S\u00e9jour et documents officiels.\t\t\t\t\t<\/p>\n\t\t\t\t\n\t\t\t<\/div>\n\t\t\t\n\t\t<\/div>\n\t\t\t\t<\/div>\n\t\t\t\t<\/div>\n\t\t\t\t<\/div>\n\t\t\t\t<\/div>\n\t\t<div class=\"elementor-element elementor-element-5861aa9 e-flex e-con-boxed e-con e-child\" data-id=\"5861aa9\" data-element_type=\"container\">\n\t\t\t\t\t<div class=\"e-con-inner\">\n\t\t<div class=\"elementor-element elementor-element-a3630e1 e-con-full e-flex e-con e-child\" data-id=\"a3630e1\" data-element_type=\"container\">\n\t\t\t\t<div class=\"elementor-element elementor-element-fec4cfe elementor-widget elementor-widget-heading\" data-id=\"fec4cfe\" data-element_type=\"widget\" data-widget_type=\"heading.default\">\n\t\t\t\t<div class=\"elementor-widget-container\">\n\t\t\t<h3 class=\"elementor-heading-title elementor-size-default\">Avec nous, formez-vous<\/h3>\t\t<\/div>\n\t\t\t\t<\/div>\n\t\t\t\t<div class=\"elementor-element elementor-element-597af41 elementor-widget elementor-widget-heading\" data-id=\"597af41\" data-element_type=\"widget\" data-settings=\"{&quot;motion_fx_motion_fx_scrolling&quot;:&quot;yes&quot;,&quot;motion_fx_translateY_effect&quot;:&quot;yes&quot;,&quot;motion_fx_translateY_speed&quot;:{&quot;unit&quot;:&quot;px&quot;,&quot;size&quot;:&quot;0.5&quot;,&quot;sizes&quot;:[]},&quot;motion_fx_translateY_affectedRange&quot;:{&quot;unit&quot;:&quot;%&quot;,&quot;size&quot;:&quot;&quot;,&quot;sizes&quot;:{&quot;start&quot;:&quot;0&quot;,&quot;end&quot;:&quot;50&quot;}},&quot;motion_fx_opacity_effect&quot;:&quot;yes&quot;,&quot;motion_fx_opacity_range&quot;:{&quot;unit&quot;:&quot;%&quot;,&quot;size&quot;:&quot;&quot;,&quot;sizes&quot;:{&quot;start&quot;:&quot;0&quot;,&quot;end&quot;:&quot;50&quot;}},&quot;motion_fx_opacity_direction&quot;:&quot;out-in&quot;,&quot;motion_fx_opacity_level&quot;:{&quot;unit&quot;:&quot;px&quot;,&quot;size&quot;:10,&quot;sizes&quot;:[]},&quot;motion_fx_devices&quot;:[&quot;desktop&quot;,&quot;tablet&quot;,&quot;mobile&quot;]}\" data-widget_type=\"heading.default\">\n\t\t\t\t<div class=\"elementor-widget-container\">\n\t\t\t<h2 class=\"elementor-heading-title elementor-size-default\">Souhaitez-vous suivre une formation ?<\/h2>\t\t<\/div>\n\t\t\t\t<\/div>\n\t\t\t\t<div class=\"elementor-element elementor-element-b8176fd elementor-widget elementor-widget-text-editor\" data-id=\"b8176fd\" data-element_type=\"widget\" data-widget_type=\"text-editor.default\">\n\t\t\t\t<div class=\"elementor-widget-container\">\n\t\t\t\t\t\t\t<p>Module RH, Module Ventes, Module Exploitation. Chaque module peut \u00eatre \u00e9tudi\u00e9 s\u00e9par\u00e9ment en fonction des usages et des m\u00e9tiers.<\/p>\t\t\t\t\t\t<\/div>\n\t\t\t\t<\/div>\n\t\t\t\t<\/div>\n\t\t\t\t<div class=\"elementor-element elementor-element-acf802d elementor-align-right elementor-mobile-align-center elementor-widget-mobile__width-inherit elementor-widget elementor-widget-button\" data-id=\"acf802d\" data-element_type=\"widget\" data-widget_type=\"button.default\">\n\t\t\t\t<div class=\"elementor-widget-container\">\n\t\t\t\t\t\t\t<div class=\"elementor-button-wrapper\">\n\t\t\t\t\t<a class=\"elementor-button elementor-button-link elementor-size-md\" href=\"\/formations-nvs\" rel=\"nofollow\">\n\t\t\t\t\t\t<span class=\"elementor-button-content-wrapper\">\n\t\t\t\t\t\t<span class=\"elementor-button-icon\">\n\t\t\t\t<svg aria-hidden=\"true\" class=\"e-font-icon-svg e-fas-arrow-right\" viewBox=\"0 0 448 512\" xmlns=\"http:\/\/www.w3.org\/2000\/svg\"><path d=\"M190.5 66.9l22.2-22.2c9.4-9.4 24.6-9.4 33.9 0L441 239c9.4 9.4 9.4 24.6 0 33.9L246.6 467.3c-9.4 9.4-24.6 9.4-33.9 0l-22.2-22.2c-9.5-9.5-9.3-25 .4-34.3L311.4 296H24c-13.3 0-24-10.7-24-24v-32c0-13.3 10.7-24 24-24h287.4L190.9 101.2c-9.8-9.3-10-24.8-.4-34.3z\"><\/path><\/svg>\t\t\t<\/span>\n\t\t\t\t\t\t\t\t\t<span class=\"elementor-button-text\">Voir les formations<\/span>\n\t\t\t\t\t<\/span>\n\t\t\t\t\t<\/a>\n\t\t\t\t<\/div>\n\t\t\t\t\t\t<\/div>\n\t\t\t\t<\/div>\n\t\t\t\t\t<\/div>\n\t\t\t\t<\/div>\n\t\t\t\t\t<\/div>\n\t\t\t\t<\/div>\n\t\t\t\t<\/div>\n\t\t","protected":false},"excerpt":{"rendered":"<p>Vous \u00eates une soci\u00e9t\u00e9 de\u00a0nettoyage industriel\u00a0de +1.000 salari\u00e9s ? Et vous n&rsquo;\u00eates pas heureuse avec votre prestataire Paie, Facturation, DSN, Informatique actuel ? Alors changez d&rsquo;humeur Pour vous, nous g\u00e9rons Toute la cha\u00eene compl\u00e8te SI-RH, Devis-Facturation, Terrain (Qualit\u00e9, Pointages, Mat\u00e9riel, Formation), relation Client (Portail Client). Avec vous, nous anticipons Les futurs changements : DSN, DPAE [&hellip;]<\/p>\n","protected":false},"author":1,"featured_media":0,"parent":0,"menu_order":0,"comment_status":"closed","ping_status":"closed","template":"elementor_header_footer","meta":{"footnotes":""},"class_list":["post-656","page","type-page","status-publish","hentry"],"_links":{"self":[{"href":"https:\/\/la-projets.com\/fr_fr\/wp-json\/wp\/v2\/pages\/656","targetHints":{"allow":["GET"]}}],"collection":[{"href":"https:\/\/la-projets.com\/fr_fr\/wp-json\/wp\/v2\/pages"}],"about":[{"href":"https:\/\/la-projets.com\/fr_fr\/wp-json\/wp\/v2\/types\/page"}],"author":[{"embeddable":true,"href":"https:\/\/la-projets.com\/fr_fr\/wp-json\/wp\/v2\/users\/1"}],"replies":[{"embeddable":true,"href":"https:\/\/la-projets.com\/fr_fr\/wp-json\/wp\/v2\/comments?post=656"}],"version-history":[{"count":19,"href":"https:\/\/la-projets.com\/fr_fr\/wp-json\/wp\/v2\/pages\/656\/revisions"}],"predecessor-version":[{"id":940,"href":"https:\/\/la-projets.com\/fr_fr\/wp-json\/wp\/v2\/pages\/656\/revisions\/940"}],"wp:attachment":[{"href":"https:\/\/la-projets.com\/fr_fr\/wp-json\/wp\/v2\/media?parent=656"}],"curies":[{"name":"wp","href":"https:\/\/api.w.org\/{rel}","templated":true}]}}