{"id":676,"date":"2025-03-05T17:44:11","date_gmt":"2025-03-05T16:44:11","guid":{"rendered":"http:\/\/v2025.la-projets.com\/?page_id=676"},"modified":"2025-03-25T10:17:21","modified_gmt":"2025-03-25T09:17:21","slug":"formations-nvs","status":"publish","type":"page","link":"https:\/\/la-projets.com\/fr_fr\/formations-nvs\/","title":{"rendered":"Formations NVS"},"content":{"rendered":"\t\t<div data-elementor-type=\"wp-page\" data-elementor-id=\"676\" class=\"elementor elementor-676\" data-elementor-post-type=\"page\">\n\t\t\t\t<div class=\"elementor-element elementor-element-a34f8d9 e-flex e-con-boxed e-con e-parent\" data-id=\"a34f8d9\" data-element_type=\"container\" data-settings=\"{&quot;background_background&quot;:&quot;gradient&quot;,&quot;shape_divider_bottom&quot;:&quot;waves&quot;}\">\n\t\t\t\t\t<div class=\"e-con-inner\">\n\t\t\t\t<div class=\"elementor-shape elementor-shape-bottom\" data-negative=\"false\">\n\t\t\t<svg xmlns=\"http:\/\/www.w3.org\/2000\/svg\" viewBox=\"0 0 1000 100\" preserveAspectRatio=\"none\">\n\t<path class=\"elementor-shape-fill\" d=\"M421.9,6.5c22.6-2.5,51.5,0.4,75.5,5.3c23.6,4.9,70.9,23.5,100.5,35.7c75.8,32.2,133.7,44.5,192.6,49.7\n\tc23.6,2.1,48.7,3.5,103.4-2.5c54.7-6,106.2-25.6,106.2-25.6V0H0v30.3c0,0,72,32.6,158.4,30.5c39.2-0.7,92.8-6.7,134-22.4\n\tc21.2-8.1,52.2-18.2,79.7-24.2C399.3,7.9,411.6,7.5,421.9,6.5z\"\/>\n<\/svg>\t\t<\/div>\n\t\t\t\t<div class=\"elementor-element elementor-element-7783d4e elementor-widget elementor-widget-heading\" data-id=\"7783d4e\" data-element_type=\"widget\" data-widget_type=\"heading.default\">\n\t\t\t\t<div class=\"elementor-widget-container\">\n\t\t\t<h1 class=\"elementor-heading-title elementor-size-default\">Nos formations<\/h1>\t\t<\/div>\n\t\t\t\t<\/div>\n\t\t\t\t<div class=\"elementor-element elementor-element-f90c9c5 elementor-widget elementor-widget-heading\" data-id=\"f90c9c5\" data-element_type=\"widget\" data-widget_type=\"heading.default\">\n\t\t\t\t<div class=\"elementor-widget-container\">\n\t\t\t<h3 class=\"elementor-heading-title elementor-size-default\">Avec nous, formez-vous !<\/h3>\t\t<\/div>\n\t\t\t\t<\/div>\n\t\t\t\t\t<\/div>\n\t\t\t\t<\/div>\n\t\t<div class=\"elementor-element elementor-element-e218313 e-flex e-con-boxed e-con e-parent\" data-id=\"e218313\" data-element_type=\"container\" data-settings=\"{&quot;background_background&quot;:&quot;classic&quot;}\">\n\t\t\t\t\t<div class=\"e-con-inner\">\n\t\t<div class=\"elementor-element elementor-element-342cf1b e-con-full e-flex e-con e-child\" data-id=\"342cf1b\" data-element_type=\"container\">\n\t\t\t\t<div class=\"elementor-element elementor-element-eee7d7f elementor-widget elementor-widget-heading\" data-id=\"eee7d7f\" data-element_type=\"widget\" data-widget_type=\"heading.default\">\n\t\t\t\t<div class=\"elementor-widget-container\">\n\t\t\t<h2 class=\"elementor-heading-title elementor-size-default\">Pas de panique, nous serons didactiques<\/h2>\t\t<\/div>\n\t\t\t\t<\/div>\n\t\t\t\t<\/div>\n\t\t<div class=\"elementor-element elementor-element-68e7f74 e-con-full e-flex e-con e-child\" data-id=\"68e7f74\" data-element_type=\"container\" data-settings=\"{&quot;motion_fx_motion_fx_scrolling&quot;:&quot;yes&quot;,&quot;motion_fx_translateY_effect&quot;:&quot;yes&quot;,&quot;motion_fx_translateY_speed&quot;:{&quot;unit&quot;:&quot;px&quot;,&quot;size&quot;:1,&quot;sizes&quot;:[]},&quot;motion_fx_translateY_affectedRange&quot;:{&quot;unit&quot;:&quot;%&quot;,&quot;size&quot;:&quot;&quot;,&quot;sizes&quot;:{&quot;start&quot;:0,&quot;end&quot;:50}},&quot;motion_fx_opacity_effect&quot;:&quot;yes&quot;,&quot;motion_fx_opacity_range&quot;:{&quot;unit&quot;:&quot;%&quot;,&quot;size&quot;:&quot;&quot;,&quot;sizes&quot;:{&quot;start&quot;:0,&quot;end&quot;:50}},&quot;motion_fx_opacity_direction&quot;:&quot;out-in&quot;,&quot;motion_fx_opacity_level&quot;:{&quot;unit&quot;:&quot;px&quot;,&quot;size&quot;:10,&quot;sizes&quot;:[]},&quot;motion_fx_devices&quot;:[&quot;desktop&quot;,&quot;tablet&quot;,&quot;mobile&quot;]}\">\n\t\t<div class=\"elementor-element elementor-element-c2183d2 e-con-full e-flex e-con e-child\" data-id=\"c2183d2\" data-element_type=\"container\" data-settings=\"{&quot;background_background&quot;:&quot;classic&quot;}\">\n\t\t\t\t<div class=\"elementor-element elementor-element-9f4daef elementor-view-default elementor-position-top elementor-mobile-position-top elementor-widget elementor-widget-icon-box\" data-id=\"9f4daef\" data-element_type=\"widget\" data-widget_type=\"icon-box.default\">\n\t\t\t\t<div class=\"elementor-widget-container\">\n\t\t\t\t\t<div class=\"elementor-icon-box-wrapper\">\n\n\t\t\t\t\t\t<div class=\"elementor-icon-box-icon\">\n\t\t\t\t<span  class=\"elementor-icon elementor-animation-\">\n\t\t\t\t<svg xmlns=\"http:\/\/www.w3.org\/2000\/svg\" width=\"24\" height=\"24\" viewBox=\"0 0 24 24\" fill=\"none\"><path d=\"M14.0008 14.901V20.6038C14.0018 21.377 15.5683 22.0042 17.5018 22.0042C19.4353 22.0042 21.0017 21.377 21.0027 20.6038V14.901\" stroke=\"#4D8ECC\" stroke-width=\"1.5\" stroke-linecap=\"round\" stroke-linejoin=\"round\"><\/path><path d=\"M14.0018 17.7524C14.0018 18.5256 15.5693 19.1528 17.5028 19.1528C19.4363 19.1528 21.0037 18.5256 21.0037 17.7524\" stroke=\"#4D8ECC\" stroke-width=\"1.5\" stroke-linecap=\"round\" stroke-linejoin=\"round\"><\/path><path d=\"M5.9975 10.9996H6.99791\" stroke=\"#4D8ECC\" stroke-width=\"1.5\" stroke-linecap=\"round\" stroke-linejoin=\"round\"><\/path><path d=\"M9.99918 10.9996H10.9996\" stroke=\"#4D8ECC\" stroke-width=\"1.5\" stroke-linecap=\"round\" stroke-linejoin=\"round\"><\/path><path d=\"M5.9975 14.0008H6.99791\" stroke=\"#4D8ECC\" stroke-width=\"1.5\" stroke-linecap=\"round\" stroke-linejoin=\"round\"><\/path><path d=\"M9.99918 14.0008H10.9996\" stroke=\"#4D8ECC\" stroke-width=\"1.5\" stroke-linecap=\"round\" stroke-linejoin=\"round\"><\/path><path d=\"M5.9975 10.9996H6.99791\" stroke=\"#4D8ECC\" stroke-width=\"1.5\" stroke-linecap=\"round\" stroke-linejoin=\"round\"><\/path><path d=\"M9.99918 10.9996H10.9996\" stroke=\"#4D8ECC\" stroke-width=\"1.5\" stroke-linecap=\"round\" stroke-linejoin=\"round\"><\/path><path d=\"M5.9975 17.0021H6.99791\" stroke=\"#4D8ECC\" stroke-width=\"1.5\" stroke-linecap=\"round\" stroke-linejoin=\"round\"><\/path><path d=\"M9.99918 17.0021H10.9996\" stroke=\"#4D8ECC\" stroke-width=\"1.5\" stroke-linecap=\"round\" stroke-linejoin=\"round\"><\/path><path d=\"M5.9975 17.0021H6.99791\" stroke=\"#4D8ECC\" stroke-width=\"1.5\" stroke-linecap=\"round\" stroke-linejoin=\"round\"><\/path><path d=\"M9.99918 17.0021H10.9996\" stroke=\"#4D8ECC\" stroke-width=\"1.5\" stroke-linecap=\"round\" stroke-linejoin=\"round\"><\/path><path d=\"M18.0025 7.99832H2.99625\" stroke=\"#4D8ECC\" stroke-width=\"1.5\" stroke-linecap=\"round\" stroke-linejoin=\"round\"><\/path><path d=\"M10.9996 20.0033H4.99708C3.89205 20.0033 2.99625 19.1075 2.99625 18.0025V4.99708C2.99625 3.89205 3.89205 2.99625 4.99708 2.99625H16.0017C17.1067 2.99625 18.0025 3.89205 18.0025 4.99708V10.9996\" stroke=\"#4D8ECC\" stroke-width=\"1.5\" stroke-linecap=\"round\" stroke-linejoin=\"round\"><\/path><path d=\"M5.9975 10.9996H6.99791\" stroke=\"#4D8ECC\" stroke-width=\"1.5\" stroke-linecap=\"round\" stroke-linejoin=\"round\"><\/path><path d=\"M9.99918 10.9996H10.9996\" stroke=\"#4D8ECC\" stroke-width=\"1.5\" stroke-linecap=\"round\" stroke-linejoin=\"round\"><\/path><path d=\"M14.0008 10.9996H15.0012\" stroke=\"#4D8ECC\" stroke-width=\"1.5\" stroke-linecap=\"round\" stroke-linejoin=\"round\"><\/path><path d=\"M14.0018 14.901C14.0018 15.6742 15.5693 16.3014 17.5028 16.3014C19.4363 16.3014 21.0027 15.6742 21.0027 14.901C21.0027 14.1268 19.4343 13.5006 17.5018 13.5006C15.5693 13.5006 14.0018 14.1278 14.0008 14.901\" stroke=\"#4D8ECC\" stroke-width=\"1.5\" stroke-linecap=\"round\" stroke-linejoin=\"round\"><\/path><\/svg>\t\t\t\t<\/span>\n\t\t\t<\/div>\n\t\t\t\n\t\t\t\t\t\t<div class=\"elementor-icon-box-content\">\n\n\t\t\t\t\t\t\t\t\t<h3 class=\"elementor-icon-box-title\">\n\t\t\t\t\t\t<span  >\n\t\t\t\t\t\t\tModule Ventes\t\t\t\t\t\t<\/span>\n\t\t\t\t\t<\/h3>\n\t\t\t\t\n\t\t\t\t\t\t\t\t\t<p class=\"elementor-icon-box-description\">\n\t\t\t\t\t\tFinis les tableaux Excel ! Nous vous apprendrons \u00e0 calculer et comptabiliser vos factures rapidement et simplement.\t\t\t\t\t<\/p>\n\t\t\t\t\n\t\t\t<\/div>\n\t\t\t\n\t\t<\/div>\n\t\t\t\t<\/div>\n\t\t\t\t<\/div>\n\t\t\t\t<div class=\"elementor-element elementor-element-96bd86a elementor-align-left elementor-mobile-align-center elementor-widget elementor-widget-button\" data-id=\"96bd86a\" data-element_type=\"widget\" data-widget_type=\"button.default\">\n\t\t\t\t<div class=\"elementor-widget-container\">\n\t\t\t\t\t\t\t<div class=\"elementor-button-wrapper\">\n\t\t\t\t\t<a class=\"elementor-button elementor-button-link elementor-size-sm elementor-animation-grow\" href=\"https:\/\/la-projets.com\/fr_fr\/formation-nvs-module-facturation\/\">\n\t\t\t\t\t\t<span class=\"elementor-button-content-wrapper\">\n\t\t\t\t\t\t<span class=\"elementor-button-icon\">\n\t\t\t\t<svg aria-hidden=\"true\" class=\"e-font-icon-svg e-fas-arrow-right\" viewBox=\"0 0 448 512\" xmlns=\"http:\/\/www.w3.org\/2000\/svg\"><path d=\"M190.5 66.9l22.2-22.2c9.4-9.4 24.6-9.4 33.9 0L441 239c9.4 9.4 9.4 24.6 0 33.9L246.6 467.3c-9.4 9.4-24.6 9.4-33.9 0l-22.2-22.2c-9.5-9.5-9.3-25 .4-34.3L311.4 296H24c-13.3 0-24-10.7-24-24v-32c0-13.3 10.7-24 24-24h287.4L190.9 101.2c-9.8-9.3-10-24.8-.4-34.3z\"><\/path><\/svg>\t\t\t<\/span>\n\t\t\t\t\t\t\t\t\t<span class=\"elementor-button-text\">Consulter<\/span>\n\t\t\t\t\t<\/span>\n\t\t\t\t\t<\/a>\n\t\t\t\t<\/div>\n\t\t\t\t\t\t<\/div>\n\t\t\t\t<\/div>\n\t\t\t\t<\/div>\n\t\t<div class=\"elementor-element elementor-element-e5a4e2a e-con-full e-flex e-con e-child\" data-id=\"e5a4e2a\" data-element_type=\"container\" data-settings=\"{&quot;background_background&quot;:&quot;classic&quot;}\">\n\t\t\t\t<div class=\"elementor-element elementor-element-bcd0d76 elementor-view-default elementor-position-top elementor-mobile-position-top elementor-widget elementor-widget-icon-box\" data-id=\"bcd0d76\" data-element_type=\"widget\" data-widget_type=\"icon-box.default\">\n\t\t\t\t<div class=\"elementor-widget-container\">\n\t\t\t\t\t<div class=\"elementor-icon-box-wrapper\">\n\n\t\t\t\t\t\t<div class=\"elementor-icon-box-icon\">\n\t\t\t\t<span  class=\"elementor-icon elementor-animation-\">\n\t\t\t\t<svg xmlns=\"http:\/\/www.w3.org\/2000\/svg\" width=\"24\" height=\"24\" viewBox=\"0 0 24 24\" fill=\"none\"><path d=\"M2.99625 19.0029C2.99625 20.1079 3.89205 21.0037 4.99708 21.0037\" stroke=\"#4D8ECC\" stroke-width=\"1.5\" stroke-linecap=\"round\" stroke-linejoin=\"round\"><\/path><path d=\"M2.99624 4.99708V19.0029\" stroke=\"#4D8ECC\" stroke-width=\"1.5\" stroke-linecap=\"round\" stroke-linejoin=\"round\"><\/path><path d=\"M8.99875 21.0037H4.99709\" stroke=\"#4D8ECC\" stroke-width=\"1.5\" stroke-linecap=\"round\" stroke-linejoin=\"round\"><\/path><path d=\"M21.0037 4.99708C21.0037 3.89205 20.1079 2.99625 19.0029 2.99625\" stroke=\"#4D8ECC\" stroke-width=\"1.5\" stroke-linecap=\"round\" stroke-linejoin=\"round\"><\/path><path d=\"M21.0037 7.99833V4.99708\" stroke=\"#4D8ECC\" stroke-width=\"1.5\" stroke-linecap=\"round\" stroke-linejoin=\"round\"><\/path><path d=\"M4.99709 2.99625H19.0029\" stroke=\"#4D8ECC\" stroke-width=\"1.5\" stroke-linecap=\"round\" stroke-linejoin=\"round\"><\/path><path d=\"M2.99625 4.99708C2.99625 3.89205 3.89205 2.99625 4.99708 2.99625\" stroke=\"#4D8ECC\" stroke-width=\"1.5\" stroke-linecap=\"round\" stroke-linejoin=\"round\"><\/path><path fill-rule=\"evenodd\" clip-rule=\"evenodd\" d=\"M8.49853 17.0641V17.0641C7.66976 17.0641 6.99791 16.3923 6.99791 15.5635V15.5635C6.99791 14.7347 7.66976 14.0629 8.49853 14.0629V14.0629C9.32731 14.0629 9.99916 14.7347 9.99916 15.5635V15.5635C9.99916 16.3923 9.32731 17.0641 8.49853 17.0641V17.0641Z\" stroke=\"#4D8ECC\" stroke-width=\"1.5\" stroke-linecap=\"round\" stroke-linejoin=\"round\"><\/path><path d=\"M6.99791 7.05994H15.0012\" stroke=\"#4D8ECC\" stroke-width=\"1.5\" stroke-linecap=\"round\" stroke-linejoin=\"round\"><\/path><path d=\"M6.99791 10.5614H12\" stroke=\"#4D8ECC\" stroke-width=\"1.5\" stroke-linecap=\"round\" stroke-linejoin=\"round\"><\/path><path fill-rule=\"evenodd\" clip-rule=\"evenodd\" d=\"M13.5006 20.5035V20.0974C13.5039 18.9418 14.4399 18.0058 15.5955 18.0025H18.9089C20.0645 18.0058 21.0005 18.9418 21.0038 20.0974V20.5035C21.0038 20.7798 20.7798 21.0037 20.5035 21.0037H14.0008C13.7246 21.0037 13.5006 20.7798 13.5006 20.5035Z\" stroke=\"#4D8ECC\" stroke-width=\"1.5\" stroke-linecap=\"round\" stroke-linejoin=\"round\"><\/path><path fill-rule=\"evenodd\" clip-rule=\"evenodd\" d=\"M15.2513 13.4926C15.2558 12.3886 16.1535 11.4969 17.2575 11.4998C18.3615 11.5027 19.2545 12.3993 19.253 13.5033C19.2515 14.6073 18.3562 15.5015 17.2522 15.5015C16.7201 15.5015 16.21 15.2896 15.8345 14.9126C15.4591 14.5356 15.2492 14.0247 15.2513 13.4926V13.4926Z\" stroke=\"#4D8ECC\" stroke-width=\"1.5\" stroke-linecap=\"round\" stroke-linejoin=\"round\"><\/path><\/svg>\t\t\t\t<\/span>\n\t\t\t<\/div>\n\t\t\t\n\t\t\t\t\t\t<div class=\"elementor-icon-box-content\">\n\n\t\t\t\t\t\t\t\t\t<h3 class=\"elementor-icon-box-title\">\n\t\t\t\t\t\t<span  >\n\t\t\t\t\t\t\tModule RH (\u00e0 venir)\t\t\t\t\t\t<\/span>\n\t\t\t\t\t<\/h3>\n\t\t\t\t\n\t\t\t\t\t\t\t\t\t<p class=\"elementor-icon-box-description\">\n\t\t\t\t\t\tNous vous apprendrons \u00e0 g\u00e9rer +1000 paies en peu d'actions ainsi qu'\u00e0 envoyer vos DSN. \t\t\t\t\t<\/p>\n\t\t\t\t\n\t\t\t<\/div>\n\t\t\t\n\t\t<\/div>\n\t\t\t\t<\/div>\n\t\t\t\t<\/div>\n\t\t\t\t<\/div>\n\t\t\t\t<\/div>\n\t\t\t\t\t<\/div>\n\t\t\t\t<\/div>\n\t\t\t\t<\/div>\n\t\t","protected":false},"excerpt":{"rendered":"<p>Nos formations Avec nous, formez-vous ! Pas de panique, nous serons didactiques Module Ventes Finis les tableaux Excel ! Nous vous apprendrons \u00e0 calculer et comptabiliser vos factures rapidement et simplement. Consulter Module RH (\u00e0 venir) Nous vous apprendrons \u00e0 g\u00e9rer +1000 paies en peu d&rsquo;actions ainsi qu&rsquo;\u00e0 envoyer vos DSN.<\/p>\n","protected":false},"author":1,"featured_media":0,"parent":0,"menu_order":0,"comment_status":"closed","ping_status":"closed","template":"elementor_header_footer","meta":{"footnotes":""},"class_list":["post-676","page","type-page","status-publish","hentry"],"_links":{"self":[{"href":"https:\/\/la-projets.com\/fr_fr\/wp-json\/wp\/v2\/pages\/676","targetHints":{"allow":["GET"]}}],"collection":[{"href":"https:\/\/la-projets.com\/fr_fr\/wp-json\/wp\/v2\/pages"}],"about":[{"href":"https:\/\/la-projets.com\/fr_fr\/wp-json\/wp\/v2\/types\/page"}],"author":[{"embeddable":true,"href":"https:\/\/la-projets.com\/fr_fr\/wp-json\/wp\/v2\/users\/1"}],"replies":[{"embeddable":true,"href":"https:\/\/la-projets.com\/fr_fr\/wp-json\/wp\/v2\/comments?post=676"}],"version-history":[{"count":49,"href":"https:\/\/la-projets.com\/fr_fr\/wp-json\/wp\/v2\/pages\/676\/revisions"}],"predecessor-version":[{"id":966,"href":"https:\/\/la-projets.com\/fr_fr\/wp-json\/wp\/v2\/pages\/676\/revisions\/966"}],"wp:attachment":[{"href":"https:\/\/la-projets.com\/fr_fr\/wp-json\/wp\/v2\/media?parent=676"}],"curies":[{"name":"wp","href":"https:\/\/api.w.org\/{rel}","templated":true}]}}